{"id":94,"date":"2025-06-21T09:09:51","date_gmt":"2025-06-21T09:09:51","guid":{"rendered":"https:\/\/gasdoriso.com.br\/?page_id=94"},"modified":"2025-06-21T09:15:29","modified_gmt":"2025-06-21T09:15:29","slug":"isencao-de-responsabilidade","status":"publish","type":"page","link":"https:\/\/gasdoriso.com.br\/en\/isencao-de-responsabilidade\/","title":{"rendered":"Isen\u00e7\u00e3o de responsabilidade"},"content":{"rendered":"<div data-elementor-type=\"wp-page\" data-elementor-id=\"94\" class=\"elementor elementor-94\" data-elementor-post-type=\"page\">\n\t\t\t\t<div class=\"elementor-element elementor-element-db4d3c5 e-flex e-con-boxed e-con e-parent\" data-id=\"db4d3c5\" data-element_type=\"container\">\n\t\t\t\t\t<div class=\"e-con-inner\">\n\t\t<div class=\"elementor-element elementor-element-3ee14fb e-con-full e-flex e-con e-child\" data-id=\"3ee14fb\" data-element_type=\"container\">\n\t\t\t\t<div class=\"elementor-element elementor-element-9837a92 elementor-widget elementor-widget-button\" data-id=\"9837a92\" data-element_type=\"widget\" data-widget_type=\"button.default\">\n\t\t\t\t<div class=\"elementor-widget-container\">\n\t\t\t\t\t\t\t\t\t<div class=\"elementor-button-wrapper\">\n\t\t\t\t\t<a class=\"elementor-button elementor-button-link elementor-size-sm\" href=\"https:\/\/gasdoriso.com.br\/en\/\">\n\t\t\t\t\t\t<span class=\"elementor-button-content-wrapper\">\n\t\t\t\t\t\t<span class=\"elementor-button-icon\">\n\t\t\t\t<svg aria-hidden=\"true\" class=\"e-font-icon-svg e-fas-home\" viewbox=\"0 0 576 512\" xmlns=\"http:\/\/www.w3.org\/2000\/svg\"><path d=\"M280.37 148.26L96 300.11V464a16 16 0 0 0 16 16l112.06-.29a16 16 0 0 0 15.92-16V368a16 16 0 0 1 16-16h64a16 16 0 0 1 16 16v95.64a16 16 0 0 0 16 16.05L464 480a16 16 0 0 0 16-16V300L295.67 148.26a12.19 12.19 0 0 0-15.3 0zM571.6 251.47L488 182.56V44.05a12 12 0 0 0-12-12h-56a12 12 0 0 0-12 12v72.61L318.47 43a48 48 0 0 0-61 0L4.34 251.47a12 12 0 0 0-1.6 16.9l25.5 31A12 12 0 0 0 45.15 301l235.22-193.74a12.19 12.19 0 0 1 15.3 0L530.9 301a12 12 0 0 0 16.9-1.6l25.5-31a12 12 0 0 0-1.7-16.93z\"><\/path><\/svg>\t\t\t<\/span>\n\t\t\t\t\t\t\t\t\t<span class=\"elementor-button-text\">Voltar ao in\u00edcio<\/span>\n\t\t\t\t\t<\/span>\n\t\t\t\t\t<\/a>\n\t\t\t\t<\/div>\n\t\t\t\t\t\t\t\t<\/div>\n\t\t\t\t<\/div>\n\t\t\t\t<\/div>\n\t\t<div class=\"elementor-element elementor-element-39dc509 e-con-full e-flex e-con e-child\" data-id=\"39dc509\" data-element_type=\"container\">\n\t\t\t\t<div class=\"elementor-element elementor-element-39f27a0 elementor-widget elementor-widget-heading\" data-id=\"39f27a0\" data-element_type=\"widget\" data-widget_type=\"heading.default\">\n\t\t\t\t<div class=\"elementor-widget-container\">\n\t\t\t\t\t<h2 class=\"elementor-heading-title elementor-size-default\">Isen\u00e7\u00e3o de responsabilidade<\/h2>\t\t\t\t<\/div>\n\t\t\t\t<\/div>\n\t\t\t\t<div class=\"elementor-element elementor-element-5e933eb elementor-widget elementor-widget-text-editor\" data-id=\"5e933eb\" data-element_type=\"widget\" data-widget_type=\"text-editor.default\">\n\t\t\t\t<div class=\"elementor-widget-container\">\n\t\t\t\t\t\t\t\t\t<p><strong>Intended Use:<br \/><\/strong><\/p><p data-start=\"209\" data-end=\"574\">Os produtos oferecidos neste site destinam-se <strong data-start=\"277\" data-end=\"327\">exclusivamente ao uso profissional e culin\u00e1rio<\/strong>. Isso inclui o uso em cozinhas de restaurantes, padarias e outros ambientes certificados para prepara\u00e7\u00e3o de alimentos. Os produtos devem ser manuseados apenas por pessoas com conhecimento t\u00e9cnico em pr\u00e1ticas seguras de processamento de alimentos.<\/p>\t\t\t\t\t\t\t\t<\/div>\n\t\t\t\t<\/div>\n\t\t\t\t<div class=\"elementor-element elementor-element-577f7b2 elementor-widget elementor-widget-text-editor\" data-id=\"577f7b2\" data-element_type=\"widget\" data-widget_type=\"text-editor.default\">\n\t\t\t\t<div class=\"elementor-widget-container\">\n\t\t\t\t\t\t\t\t\t<p><strong data-start=\"576\" data-end=\"606\">Proibido o Uso Recreativo:<br \/><\/strong><br data-start=\"606\" data-end=\"609\" \/>Nossos produtos <strong data-start=\"625\" data-end=\"665\">n\u00e3o s\u00e3o destinados ao uso recreativo<\/strong> ou para qualquer finalidade fora de um ambiente culin\u00e1rio profissional. Qualquer uso fora desse escopo pode representar s\u00e9rios riscos \u00e0 sa\u00fade e \u00e9 fortemente desencorajado.<\/p>\t\t\t\t\t\t\t\t<\/div>\n\t\t\t\t<\/div>\n\t\t\t\t<div class=\"elementor-element elementor-element-3d02197 elementor-widget elementor-widget-text-editor\" data-id=\"3d02197\" data-element_type=\"widget\" data-widget_type=\"text-editor.default\">\n\t\t\t\t<div class=\"elementor-widget-container\">\n\t\t\t\t\t\t\t\t\t<p><strong data-start=\"839\" data-end=\"871\">Isen\u00e7\u00e3o de Responsabilidade:<br \/><\/strong><br data-start=\"871\" data-end=\"874\" \/>A Gasdoriso <strong data-start=\"886\" data-end=\"946\">n\u00e3o se responsabiliza por danos, les\u00f5es ou consequ\u00eancias<\/strong> decorrentes do uso inadequado ou n\u00e3o autorizado de seus produtos. O comprador\/usu\u00e1rio \u00e9 o \u00fanico respons\u00e1vel por cumprir todas as leis e regulamenta\u00e7\u00f5es aplic\u00e1veis em seu pa\u00eds de uso.<\/p>\t\t\t\t\t\t\t\t<\/div>\n\t\t\t\t<\/div>\n\t\t\t\t<div class=\"elementor-element elementor-element-6541074 elementor-widget elementor-widget-text-editor\" data-id=\"6541074\" data-element_type=\"widget\" data-widget_type=\"text-editor.default\">\n\t\t\t\t<div class=\"elementor-widget-container\">\n\t\t\t\t\t\t\t\t\t<p data-start=\"1131\" data-end=\"1341\"><strong data-start=\"1131\" data-end=\"1168\">Uso por Conta e Risco do Usu\u00e1rio:<br \/><\/strong><br data-start=\"1168\" data-end=\"1171\" \/>Todos os produtos devem ser utilizados <strong data-start=\"1210\" data-end=\"1242\">por conta e risco do usu\u00e1rio<\/strong>. Siga sempre as instru\u00e7\u00f5es de uso, diretrizes de seguran\u00e7a e condi\u00e7\u00f5es adequadas de armazenamento.<\/p><p>\u00a0<\/p>\t\t\t\t\t\t\t\t<\/div>\n\t\t\t\t<\/div>\n\t\t\t\t<\/div>\n\t\t\t\t\t<\/div>\n\t\t\t\t<\/div>\n\t\t\t\t<\/div>","protected":false},"excerpt":{"rendered":"<p>Voltar ao in\u00edcio Isen\u00e7\u00e3o de responsabilidade Intended Use: Os produtos oferecidos neste site destinam-se exclusivamente ao uso profissional e culin\u00e1rio. Isso inclui o uso em cozinhas de restaurantes, padarias e outros ambientes certificados para prepara\u00e7\u00e3o de alimentos. Os produtos devem ser manuseados apenas por pessoas com conhecimento t\u00e9cnico em pr\u00e1ticas seguras de processamento de alimentos. [&hellip;]<\/p>","protected":false},"author":1,"featured_media":0,"parent":0,"menu_order":0,"comment_status":"closed","ping_status":"closed","template":"elementor_canvas","meta":{"footnotes":""},"class_list":["post-94","page","type-page","status-publish","hentry"],"_links":{"self":[{"href":"https:\/\/gasdoriso.com.br\/en\/wp-json\/wp\/v2\/pages\/94","targetHints":{"allow":["GET"]}}],"collection":[{"href":"https:\/\/gasdoriso.com.br\/en\/wp-json\/wp\/v2\/pages"}],"about":[{"href":"https:\/\/gasdoriso.com.br\/en\/wp-json\/wp\/v2\/types\/page"}],"author":[{"embeddable":true,"href":"https:\/\/gasdoriso.com.br\/en\/wp-json\/wp\/v2\/users\/1"}],"replies":[{"embeddable":true,"href":"https:\/\/gasdoriso.com.br\/en\/wp-json\/wp\/v2\/comments?post=94"}],"version-history":[{"count":4,"href":"https:\/\/gasdoriso.com.br\/en\/wp-json\/wp\/v2\/pages\/94\/revisions"}],"predecessor-version":[{"id":99,"href":"https:\/\/gasdoriso.com.br\/en\/wp-json\/wp\/v2\/pages\/94\/revisions\/99"}],"wp:attachment":[{"href":"https:\/\/gasdoriso.com.br\/en\/wp-json\/wp\/v2\/media?parent=94"}],"curies":[{"name":"wp","href":"https:\/\/api.w.org\/{rel}","templated":true}]}}